{"id":21766,"date":"2024-10-09T12:40:47","date_gmt":"2024-10-09T12:40:47","guid":{"rendered":"https:\/\/contidisanbonifacio.com\/?page_id=21766"},"modified":"2024-11-22T11:30:41","modified_gmt":"2024-11-22T11:30:41","slug":"serate-a-tema","status":"publish","type":"page","link":"https:\/\/contidisanbonifacio.com\/it\/soggiorna\/serate-a-tema\/","title":{"rendered":"Serate a tema"},"content":{"rendered":"\t\t<div data-elementor-type=\"wp-page\" data-elementor-id=\"21766\" class=\"elementor elementor-21766\" data-elementor-post-type=\"page\">\n\t\t\t\t\t\t<section data-particle_enable=\"false\" data-particle-mobile-disabled=\"false\" class=\"elementor-section elementor-top-section elementor-element elementor-element-89f9646 elementor-section-stretched elementor-section-full_width elementor-section-height-default elementor-section-height-default\" data-id=\"89f9646\" data-element_type=\"section\" data-e-type=\"section\" data-settings=\"{&quot;stretch_section&quot;:&quot;section-stretched&quot;,&quot;background_background&quot;:&quot;classic&quot;}\">\n\t\t\t\t\t\t\t<div class=\"elementor-background-overlay\"><\/div>\n\t\t\t\t\t\t\t<div class=\"elementor-container elementor-column-gap-default\">\n\t\t\t\t\t<div class=\"elementor-column elementor-col-100 elementor-top-column elementor-element elementor-element-8c85103\" data-id=\"8c85103\" data-element_type=\"column\" data-e-type=\"column\" data-settings=\"{&quot;background_background&quot;:&quot;slideshow&quot;,&quot;background_slideshow_gallery&quot;:[],&quot;background_slideshow_loop&quot;:&quot;yes&quot;,&quot;background_slideshow_slide_duration&quot;:5000,&quot;background_slideshow_slide_transition&quot;:&quot;fade&quot;,&quot;background_slideshow_transition_duration&quot;:500}\">\n\t\t\t<div class=\"elementor-widget-wrap elementor-element-populated\">\n\t\t\t\t\t\t<div class=\"elementor-element elementor-element-78c39f6 elementor-widget elementor-widget-heading\" data-id=\"78c39f6\" data-element_type=\"widget\" data-e-type=\"widget\" data-widget_type=\"heading.default\">\n\t\t\t\t\t<h1 class=\"elementor-heading-title elementor-size-default\">WINE DINNERS <br>\nAL MAREMMANA RESTAURANT<\/h1>\t\t\t\t<\/div>\n\t\t\t\t\t<\/div>\n\t\t<\/div>\n\t\t\t\t\t<\/div>\n\t\t<\/section>\n\t\t<div data-particle_enable=\"false\" data-particle-mobile-disabled=\"false\" class=\"elementor-element elementor-element-f96a2a7 e-flex e-con-boxed e-con e-parent\" data-id=\"f96a2a7\" data-element_type=\"container\" data-e-type=\"container\">\n\t\t\t\t\t<div class=\"e-con-inner\">\n\t\t\t\t<div class=\"elementor-element elementor-element-0b44438 elementor-widget elementor-widget-spacer\" data-id=\"0b44438\" data-element_type=\"widget\" data-e-type=\"widget\" data-widget_type=\"spacer.default\">\n\t\t\t\t\t\t\t<div class=\"elementor-spacer\">\n\t\t\t<div class=\"elementor-spacer-inner\"><\/div>\n\t\t<\/div>\n\t\t\t\t\t\t<\/div>\n\t\t\t\t\t<\/div>\n\t\t\t\t<\/div>\n\t\t\t\t<section data-particle_enable=\"false\" data-particle-mobile-disabled=\"false\" class=\"elementor-section elementor-top-section elementor-element elementor-element-c9feb22 elementor-section-boxed elementor-section-height-default elementor-section-height-default\" data-id=\"c9feb22\" data-element_type=\"section\" data-e-type=\"section\">\n\t\t\t\t\t\t<div class=\"elementor-container elementor-column-gap-default\">\n\t\t\t\t\t<div class=\"elementor-column elementor-col-100 elementor-top-column elementor-element elementor-element-6bf99fa\" data-id=\"6bf99fa\" data-element_type=\"column\" data-e-type=\"column\">\n\t\t\t<div class=\"elementor-widget-wrap elementor-element-populated\">\n\t\t\t\t\t\t<div class=\"elementor-element elementor-element-ba41a8f elementor-widget elementor-widget-text-editor\" data-id=\"ba41a8f\" data-element_type=\"widget\" data-e-type=\"widget\" data-widget_type=\"text-editor.default\">\n\t\t\t\t\t\t\t\t\t<p>Scoprite tutte le nostre serate speciali e i men\u00f9 ideati dai nostri Chef per le festivit\u00e0 natalizie.<\/p>\t\t\t\t\t\t\t\t<\/div>\n\t\t\t\t<div class=\"elementor-element elementor-element-8371c16 elementor-widget-divider--view-line elementor-widget elementor-widget-divider\" data-id=\"8371c16\" data-element_type=\"widget\" data-e-type=\"widget\" data-widget_type=\"divider.default\">\n\t\t\t\t\t\t\t<div class=\"elementor-divider\">\n\t\t\t<span class=\"elementor-divider-separator\">\n\t\t\t\t\t\t<\/span>\n\t\t<\/div>\n\t\t\t\t\t\t<\/div>\n\t\t\t\t\t<\/div>\n\t\t<\/div>\n\t\t\t\t\t<\/div>\n\t\t<\/section>\n\t\t\t\t<section data-particle_enable=\"false\" data-particle-mobile-disabled=\"false\" class=\"elementor-section elementor-top-section elementor-element elementor-element-e693a49 elementor-section-full_width elementor-section-height-default elementor-section-height-default elementor-invisible\" data-id=\"e693a49\" data-element_type=\"section\" data-e-type=\"section\" data-settings=\"{&quot;animation&quot;:&quot;fadeIn&quot;}\">\n\t\t\t\t\t\t<div class=\"elementor-container elementor-column-gap-wider\">\n\t\t\t\t\t<div class=\"elementor-column elementor-col-50 elementor-top-column elementor-element elementor-element-7b8a657\" data-id=\"7b8a657\" data-element_type=\"column\" data-e-type=\"column\" data-settings=\"{&quot;background_background&quot;:&quot;classic&quot;}\">\n\t\t\t<div class=\"elementor-widget-wrap elementor-element-populated\">\n\t\t\t\t\t\t<div class=\"elementor-element elementor-element-476b31b elementor-widget elementor-widget-image\" data-id=\"476b31b\" data-element_type=\"widget\" data-e-type=\"widget\" data-widget_type=\"image.default\">\n\t\t\t\t\t\t\t\t\t\t\t\t\t\t\t<img fetchpriority=\"high\" decoding=\"async\" width=\"768\" height=\"512\" src=\"https:\/\/i0.wp.com\/contidisanbonifacio.com\/wp-content\/uploads\/Maremmana-restaurant-dish.webp?fit=768%2C512&amp;ssl=1\" class=\"attachment-medium_large size-medium_large wp-image-14523\" alt=\"\" srcset=\"https:\/\/i0.wp.com\/contidisanbonifacio.com\/wp-content\/uploads\/Maremmana-restaurant-dish.webp?w=1920&amp;ssl=1 1920w, https:\/\/i0.wp.com\/contidisanbonifacio.com\/wp-content\/uploads\/Maremmana-restaurant-dish.webp?resize=300%2C200&amp;ssl=1 300w, https:\/\/i0.wp.com\/contidisanbonifacio.com\/wp-content\/uploads\/Maremmana-restaurant-dish.webp?resize=1024%2C683&amp;ssl=1 1024w, https:\/\/i0.wp.com\/contidisanbonifacio.com\/wp-content\/uploads\/Maremmana-restaurant-dish.webp?resize=768%2C512&amp;ssl=1 768w, https:\/\/i0.wp.com\/contidisanbonifacio.com\/wp-content\/uploads\/Maremmana-restaurant-dish.webp?resize=200%2C133&amp;ssl=1 200w, https:\/\/i0.wp.com\/contidisanbonifacio.com\/wp-content\/uploads\/Maremmana-restaurant-dish.webp?resize=1536%2C1024&amp;ssl=1 1536w, https:\/\/i0.wp.com\/contidisanbonifacio.com\/wp-content\/uploads\/Maremmana-restaurant-dish.webp?resize=416%2C277&amp;ssl=1 416w\" sizes=\"(max-width: 768px) 100vw, 768px\" \/>\t\t\t\t\t\t\t\t\t\t\t\t\t\t\t<\/div>\n\t\t\t\t\t<\/div>\n\t\t<\/div>\n\t\t\t\t<div class=\"elementor-column elementor-col-50 elementor-top-column elementor-element elementor-element-b97b570 animated-slow elementor-invisible\" data-id=\"b97b570\" data-element_type=\"column\" data-e-type=\"column\" data-settings=\"{&quot;animation&quot;:&quot;fadeIn&quot;,&quot;animation_delay&quot;:300}\">\n\t\t\t<div class=\"elementor-widget-wrap elementor-element-populated\">\n\t\t\t\t\t\t<div class=\"elementor-element elementor-element-c3cdb67 elementor-widget elementor-widget-heading\" data-id=\"c3cdb67\" data-element_type=\"widget\" data-e-type=\"widget\" data-widget_type=\"heading.default\">\n\t\t\t\t\t<h3 class=\"elementor-heading-title elementor-size-default\"><br>SERATA A TEMA CACCIAGIONE<\/h3>\t\t\t\t<\/div>\n\t\t\t\t<div class=\"elementor-element elementor-element-5504de5 elementor-widget elementor-widget-text-editor\" data-id=\"5504de5\" data-element_type=\"widget\" data-e-type=\"widget\" data-widget_type=\"text-editor.default\">\n\t\t\t\t\t\t\t\t\t<p class=\"has-text-align-none\">Immergetevi nei sapori intensi della stagione con la nostra serata a tema <strong>Cacciagione<\/strong>, in programma per <span style=\"text-decoration: underline;\"><strong>venerd\u00ec 6 dicembre dalle ore 19:00<\/strong><\/span>.<\/p><p class=\"has-text-align-none\">Il nostro Chef ha creato un men\u00f9 che valorizza le carni pregiate e selvatiche, accompagnate da vini robusti e selezionati appositamente dal nostro Head Sommelier. Durante la serata, ogni piatto sar\u00e0 raccontato con dettagli e passione, per farvi scoprire le tecniche e le combinazioni che rendono questo men\u00f9 indimenticabile. Un viaggio tra i boschi e i sapori pi\u00f9 autentici della cucina autunnale.<\/p>\t\t\t\t\t\t\t\t<\/div>\n\t\t\t\t\t<\/div>\n\t\t<\/div>\n\t\t\t\t\t<\/div>\n\t\t<\/section>\n\t\t\t\t<section data-particle_enable=\"false\" data-particle-mobile-disabled=\"false\" class=\"elementor-section elementor-top-section elementor-element elementor-element-104b5e9 elementor-section-full_width elementor-section-height-default elementor-section-height-default elementor-invisible\" data-id=\"104b5e9\" data-element_type=\"section\" data-e-type=\"section\" data-settings=\"{&quot;animation&quot;:&quot;fadeIn&quot;}\">\n\t\t\t\t\t\t<div class=\"elementor-container elementor-column-gap-wider\">\n\t\t\t\t\t<div class=\"elementor-column elementor-col-50 elementor-top-column elementor-element elementor-element-af6d6e3 animated-slow elementor-invisible\" data-id=\"af6d6e3\" data-element_type=\"column\" data-e-type=\"column\" data-settings=\"{&quot;animation&quot;:&quot;fadeIn&quot;,&quot;animation_delay&quot;:300}\">\n\t\t\t<div class=\"elementor-widget-wrap elementor-element-populated\">\n\t\t\t\t\t\t<div class=\"elementor-element elementor-element-ec813ca elementor-widget elementor-widget-heading\" data-id=\"ec813ca\" data-element_type=\"widget\" data-e-type=\"widget\" data-widget_type=\"heading.default\">\n\t\t\t\t\t<h3 class=\"elementor-heading-title elementor-size-default\"><a href=\"https:\/\/contidisanbonifacio.com\/it\/soggiorna\/ristorante-maremmana\/prenota-un-tavolo\/\">SERATA A TEMA CACAO<\/a><\/h3>\t\t\t\t<\/div>\n\t\t\t\t<div class=\"elementor-element elementor-element-0be55e9 elementor-widget elementor-widget-text-editor\" data-id=\"0be55e9\" data-element_type=\"widget\" data-e-type=\"widget\" data-widget_type=\"text-editor.default\">\n\t\t\t\t\t\t\t\t\t<p>Concludiamo il nostro ciclo di serate a tema con un ingrediente che rappresenta la pura golosit\u00e0: il <strong>cacao<\/strong>.<\/p><p>Vi invitiamo a partecipare a questa serata speciale, che si terr\u00e0 <span style=\"text-decoration: underline;\"><strong>venerd\u00ec 20 dicembre dalle ore 19:00<\/strong><\/span>. Il nostro Chef ha creato un men\u00f9 che esplorer\u00e0 l\u2019uso del cacao in piatti sia dolci che salati, in combinazioni originali e sorprendenti. I vini selezionati dal nostro Head Sommelier completeranno l\u2019esperienza, esaltando i sapori intensi e ricchi del cacao. Una serata che stimoler\u00e0 tutti i sensi, in un crescendo di gusto e piacere.<\/p>\t\t\t\t\t\t\t\t<\/div>\n\t\t\t\t<div class=\"elementor-element elementor-element-053825c elementor-align-left elementor-widget elementor-widget-button\" data-id=\"053825c\" data-element_type=\"widget\" data-e-type=\"widget\" data-widget_type=\"button.default\">\n\t\t\t\t\t\t\t\t\t\t<a class=\"elementor-button elementor-button-link elementor-size-sm elementor-animation-hang\" href=\"https:\/\/contidisanbonifacio.com\/wp-content\/uploads\/Menu-serata-tema-cacao.pdf\" id=\"https:\/\/contidisanbonifacio.com\/wp-content\/uploads\/Menu-serata-tema-cacao.pdf\">\n\t\t\t\t\t\t<span class=\"elementor-button-content-wrapper\">\n\t\t\t\t\t\t\t\t\t<span class=\"elementor-button-text\">Scopri il men\u00f9<\/span>\n\t\t\t\t\t<\/span>\n\t\t\t\t\t<\/a>\n\t\t\t\t\t\t\t\t<\/div>\n\t\t\t\t\t<\/div>\n\t\t<\/div>\n\t\t\t\t<div class=\"elementor-column elementor-col-50 elementor-top-column elementor-element elementor-element-e3506fd\" data-id=\"e3506fd\" data-element_type=\"column\" data-e-type=\"column\" data-settings=\"{&quot;background_background&quot;:&quot;classic&quot;}\">\n\t\t\t<div class=\"elementor-widget-wrap elementor-element-populated\">\n\t\t\t\t\t\t<div class=\"elementor-element elementor-element-ab67407 elementor-align-left elementor-widget elementor-widget-button\" data-id=\"ab67407\" data-element_type=\"widget\" data-e-type=\"widget\" data-widget_type=\"button.default\">\n\t\t\t\t\t\t\t\t\t\t<a class=\"elementor-button elementor-button-link elementor-size-sm elementor-animation-hang\" href=\"https:\/\/contidisanbonifacio.com\/wp-content\/uploads\/Menu-serata-tema-caccia.pdf\" id=\"https:\/\/contidisanbonifacio.com\/wp-content\/uploads\/Menu-serata-tema-caccia.pdf\">\n\t\t\t\t\t\t<span class=\"elementor-button-content-wrapper\">\n\t\t\t\t\t\t\t\t\t<span class=\"elementor-button-text\">Scopri il men\u00f9<\/span>\n\t\t\t\t\t<\/span>\n\t\t\t\t\t<\/a>\n\t\t\t\t\t\t\t\t<\/div>\n\t\t\t\t<div class=\"elementor-element elementor-element-2e9dd79 elementor-widget elementor-widget-image\" data-id=\"2e9dd79\" data-element_type=\"widget\" data-e-type=\"widget\" data-widget_type=\"image.default\">\n\t\t\t\t\t\t\t\t\t\t\t\t\t\t\t<img decoding=\"async\" width=\"980\" height=\"652\" src=\"https:\/\/i0.wp.com\/contidisanbonifacio.com\/wp-content\/uploads\/serata-a-tema-cacao-scaled.webp?fit=980%2C652&amp;ssl=1\" class=\"attachment-large size-large wp-image-21774\" alt=\"\" srcset=\"https:\/\/i0.wp.com\/contidisanbonifacio.com\/wp-content\/uploads\/serata-a-tema-cacao-scaled.webp?w=2560&amp;ssl=1 2560w, https:\/\/i0.wp.com\/contidisanbonifacio.com\/wp-content\/uploads\/serata-a-tema-cacao-scaled.webp?resize=300%2C200&amp;ssl=1 300w, https:\/\/i0.wp.com\/contidisanbonifacio.com\/wp-content\/uploads\/serata-a-tema-cacao-scaled.webp?resize=1024%2C681&amp;ssl=1 1024w, https:\/\/i0.wp.com\/contidisanbonifacio.com\/wp-content\/uploads\/serata-a-tema-cacao-scaled.webp?resize=768%2C511&amp;ssl=1 768w, https:\/\/i0.wp.com\/contidisanbonifacio.com\/wp-content\/uploads\/serata-a-tema-cacao-scaled.webp?resize=1536%2C1022&amp;ssl=1 1536w, https:\/\/i0.wp.com\/contidisanbonifacio.com\/wp-content\/uploads\/serata-a-tema-cacao-scaled.webp?resize=2048%2C1363&amp;ssl=1 2048w, https:\/\/i0.wp.com\/contidisanbonifacio.com\/wp-content\/uploads\/serata-a-tema-cacao-scaled.webp?resize=416%2C277&amp;ssl=1 416w, https:\/\/i0.wp.com\/contidisanbonifacio.com\/wp-content\/uploads\/serata-a-tema-cacao-scaled.webp?w=1960&amp;ssl=1 1960w\" sizes=\"(max-width: 980px) 100vw, 980px\" \/>\t\t\t\t\t\t\t\t\t\t\t\t\t\t\t<\/div>\n\t\t\t\t\t<\/div>\n\t\t<\/div>\n\t\t\t\t\t<\/div>\n\t\t<\/section>\n\t\t\t\t<section data-particle_enable=\"false\" data-particle-mobile-disabled=\"false\" class=\"elementor-section elementor-top-section elementor-element elementor-element-11a2420 elementor-section-boxed elementor-section-height-default elementor-section-height-default\" data-id=\"11a2420\" data-element_type=\"section\" data-e-type=\"section\">\n\t\t\t\t\t\t<div class=\"elementor-container elementor-column-gap-default\">\n\t\t\t\t\t<div class=\"elementor-column elementor-col-100 elementor-top-column elementor-element elementor-element-0cddf3f\" data-id=\"0cddf3f\" data-element_type=\"column\" data-e-type=\"column\">\n\t\t\t<div class=\"elementor-widget-wrap\">\n\t\t\t\t\t\t\t<\/div>\n\t\t<\/div>\n\t\t\t\t\t<\/div>\n\t\t<\/section>\n\t\t<div data-particle_enable=\"false\" data-particle-mobile-disabled=\"false\" class=\"elementor-element elementor-element-5432c02 e-flex e-con-boxed e-con e-parent\" data-id=\"5432c02\" data-element_type=\"container\" data-e-type=\"container\">\n\t\t\t\t\t<div class=\"e-con-inner\">\n\t\t\t\t<div class=\"elementor-element elementor-element-363e978 elementor-align-center elementor-widget elementor-widget-button\" data-id=\"363e978\" data-element_type=\"widget\" data-e-type=\"widget\" data-widget_type=\"button.default\">\n\t\t\t\t\t\t\t\t\t\t<a class=\"elementor-button elementor-button-link elementor-size-sm\" href=\"https:\/\/contidisanbonifacio.com\/it\/soggiorna\/ristorante-maremmana\/prenota-un-tavolo\/\" id=\"https:\/\/contidisanbonifacio.com\/it\/soggiorna\/ristorante-maremmana\/prenota-un-tavolo\/\">\n\t\t\t\t\t\t<span class=\"elementor-button-content-wrapper\">\n\t\t\t\t\t\t\t\t\t<span class=\"elementor-button-text\">PRENOTA ORA IL TUO TAVOLO<\/span>\n\t\t\t\t\t<\/span>\n\t\t\t\t\t<\/a>\n\t\t\t\t\t\t\t\t<\/div>\n\t\t\t\t\t<\/div>\n\t\t\t\t<\/div>\n\t\t\t\t<section data-particle_enable=\"false\" data-particle-mobile-disabled=\"false\" class=\"elementor-section elementor-top-section elementor-element elementor-element-24c3732 elementor-section-boxed elementor-section-height-default elementor-section-height-default\" data-id=\"24c3732\" data-element_type=\"section\" data-e-type=\"section\" data-settings=\"{&quot;background_background&quot;:&quot;classic&quot;}\">\n\t\t\t\t\t\t<div class=\"elementor-container elementor-column-gap-default\">\n\t\t\t\t\t<div class=\"elementor-column elementor-col-50 elementor-top-column elementor-element elementor-element-40d3f63d\" data-id=\"40d3f63d\" data-element_type=\"column\" data-e-type=\"column\">\n\t\t\t<div class=\"elementor-widget-wrap elementor-element-populated\">\n\t\t\t\t\t\t<div class=\"elementor-element elementor-element-34169b15 elementor-view-default elementor-widget elementor-widget-icon\" data-id=\"34169b15\" data-element_type=\"widget\" data-e-type=\"widget\" data-widget_type=\"icon.default\">\n\t\t\t\t\t\t\t<div class=\"elementor-icon-wrapper\">\n\t\t\t<a class=\"elementor-icon\" href=\"https:\/\/contidisanbonifacio.com\/wp-content\/uploads\/01.-ITA-Menu-primavera-Ristorante-Maremmana.pdf\">\n\t\t\t<svg aria-hidden=\"true\" class=\"e-font-icon-svg e-fas-tree\" viewBox=\"0 0 384 512\" xmlns=\"http:\/\/www.w3.org\/2000\/svg\"><path d=\"M378.31 378.49L298.42 288h30.63c9.01 0 16.98-5 20.78-13.06 3.8-8.04 2.55-17.26-3.28-24.05L268.42 160h28.89c9.1 0 17.3-5.35 20.86-13.61 3.52-8.13 1.86-17.59-4.24-24.08L203.66 4.83c-6.03-6.45-17.28-6.45-23.32 0L70.06 122.31c-6.1 6.49-7.75 15.95-4.24 24.08C69.38 154.65 77.59 160 86.69 160h28.89l-78.14 90.91c-5.81 6.78-7.06 15.99-3.27 24.04C37.97 283 45.93 288 54.95 288h30.63L5.69 378.49c-6 6.79-7.36 16.09-3.56 24.26 3.75 8.05 12 13.25 21.01 13.25H160v24.45l-30.29 48.4c-5.32 10.64 2.42 23.16 14.31 23.16h95.96c11.89 0 19.63-12.52 14.31-23.16L224 440.45V416h136.86c9.01 0 17.26-5.2 21.01-13.25 3.8-8.17 2.44-17.47-3.56-24.26z\"><\/path><\/svg>\t\t\t<\/a>\n\t\t<\/div>\n\t\t\t\t\t\t<\/div>\n\t\t\t\t<div class=\"elementor-element elementor-element-2b561a59 elementor-widget elementor-widget-heading\" data-id=\"2b561a59\" data-element_type=\"widget\" data-e-type=\"widget\" data-widget_type=\"heading.default\">\n\t\t\t\t\t<h3 class=\"elementor-heading-title elementor-size-default\"><a href=\"https:\/\/contidisanbonifacio.com\/wp-content\/uploads\/Menu-brunch-domenica-invernale.pdf\">Men\u00f9 di Natale<\/a><\/h3>\t\t\t\t<\/div>\n\t\t\t\t<div class=\"elementor-element elementor-element-47adde19 elementor-arrows-position-inside elementor-pagination-position-outside elementor-widget elementor-widget-image-carousel\" data-id=\"47adde19\" data-element_type=\"widget\" data-e-type=\"widget\" data-settings=\"{&quot;slides_to_show&quot;:&quot;1&quot;,&quot;navigation&quot;:&quot;both&quot;,&quot;autoplay&quot;:&quot;yes&quot;,&quot;pause_on_hover&quot;:&quot;yes&quot;,&quot;pause_on_interaction&quot;:&quot;yes&quot;,&quot;autoplay_speed&quot;:5000,&quot;infinite&quot;:&quot;yes&quot;,&quot;effect&quot;:&quot;slide&quot;,&quot;speed&quot;:500}\" data-widget_type=\"image-carousel.default\">\n\t\t\t\t\t\t\t<div class=\"elementor-image-carousel-wrapper swiper\" role=\"region\" aria-roledescription=\"carousel\" aria-label=\"Carosello d&#039;immagini\" dir=\"ltr\">\n\t\t\t<div class=\"elementor-image-carousel swiper-wrapper\" aria-live=\"off\">\n\t\t\t\t\t\t\t\t<div class=\"swiper-slide\" role=\"group\" aria-roledescription=\"slide\" aria-label=\"1 di 1\"><a data-elementor-open-lightbox=\"yes\" data-elementor-lightbox-slideshow=\"47adde19\" data-elementor-lightbox-title=\"menu-natale.webp\" data-e-action-hash=\"#elementor-action%3Aaction%3Dlightbox%26settings%3DeyJpZCI6MjIyODAsInVybCI6Imh0dHBzOlwvXC9jb250aWRpc2FuYm9uaWZhY2lvLmNvbVwvd3AtY29udGVudFwvdXBsb2Fkc1wvbWVudS1uYXRhbGUtMi53ZWJwIiwic2xpZGVzaG93IjoiNDdhZGRlMTkifQ%3D%3D\" href=\"https:\/\/contidisanbonifacio.com\/wp-content\/uploads\/menu-natale-2024.pdf\"><figure class=\"swiper-slide-inner\"><img decoding=\"async\" class=\"swiper-slide-image\" src=\"https:\/\/i0.wp.com\/contidisanbonifacio.com\/wp-content\/uploads\/menu-natale-2.webp?fit=768%2C1086&amp;ssl=1\" alt=\"menu-natale.webp\" \/><\/figure><\/a><\/div>\t\t\t<\/div>\n\t\t\t\t\t<\/div>\n\t\t\t\t\t\t<\/div>\n\t\t\t\t\t<\/div>\n\t\t<\/div>\n\t\t\t\t<div class=\"elementor-column elementor-col-50 elementor-top-column elementor-element elementor-element-510e1c21\" data-id=\"510e1c21\" data-element_type=\"column\" data-e-type=\"column\">\n\t\t\t<div class=\"elementor-widget-wrap elementor-element-populated\">\n\t\t\t\t\t\t<div class=\"elementor-element elementor-element-1a0de91 elementor-view-default elementor-widget elementor-widget-icon\" data-id=\"1a0de91\" data-element_type=\"widget\" data-e-type=\"widget\" data-widget_type=\"icon.default\">\n\t\t\t\t\t\t\t<div class=\"elementor-icon-wrapper\">\n\t\t\t<a class=\"elementor-icon\" href=\"https:\/\/contidisanbonifacio.com\/wp-content\/uploads\/01.-ITA-Menu-primavera-Ristorante-Maremmana.pdf\">\n\t\t\t<svg aria-hidden=\"true\" class=\"e-font-icon-svg e-fas-glass-cheers\" viewBox=\"0 0 640 512\" xmlns=\"http:\/\/www.w3.org\/2000\/svg\"><path d=\"M639.4 433.6c-8.4-20.4-31.8-30.1-52.2-21.6l-22.1 9.2-38.7-101.9c47.9-35 64.8-100.3 34.5-152.8L474.3 16c-8-13.9-25.1-19.7-40-13.6L320 49.8 205.7 2.4c-14.9-6.2-32-.3-40 13.6L79.1 166.5C48.9 219 65.7 284.3 113.6 319.2L74.9 421.1l-22.1-9.2c-20.4-8.5-43.7 1.2-52.2 21.6-1.7 4.1.2 8.8 4.3 10.5l162.3 67.4c4.1 1.7 8.7-.2 10.4-4.3 8.4-20.4-1.2-43.8-21.6-52.3l-22.1-9.2L173.3 342c4.4.5 8.8 1.3 13.1 1.3 51.7 0 99.4-33.1 113.4-85.3l20.2-75.4 20.2 75.4c14 52.2 61.7 85.3 113.4 85.3 4.3 0 8.7-.8 13.1-1.3L506 445.6l-22.1 9.2c-20.4 8.5-30.1 31.9-21.6 52.3 1.7 4.1 6.4 6 10.4 4.3L635.1 444c4-1.7 6-6.3 4.3-10.4zM275.9 162.1l-112.1-46.5 36.5-63.4 94.5 39.2-18.9 70.7zm88.2 0l-18.9-70.7 94.5-39.2 36.5 63.4-112.1 46.5z\"><\/path><\/svg>\t\t\t<\/a>\n\t\t<\/div>\n\t\t\t\t\t\t<\/div>\n\t\t\t\t<div class=\"elementor-element elementor-element-b8670ef elementor-widget elementor-widget-heading\" data-id=\"b8670ef\" data-element_type=\"widget\" data-e-type=\"widget\" data-widget_type=\"heading.default\">\n\t\t\t\t\t<h3 class=\"elementor-heading-title elementor-size-default\"><a href=\"https:\/\/contidisanbonifacio.com\/wp-content\/uploads\/MENU-GRUPPI-NATALE-UNITO.pdf\">Men\u00f9 di Capodanno<\/a><\/h3>\t\t\t\t<\/div>\n\t\t\t\t<div class=\"elementor-element elementor-element-2289cdfa elementor-arrows-position-inside elementor-pagination-position-outside elementor-widget elementor-widget-image-carousel\" data-id=\"2289cdfa\" data-element_type=\"widget\" data-e-type=\"widget\" data-settings=\"{&quot;slides_to_show&quot;:&quot;1&quot;,&quot;navigation&quot;:&quot;both&quot;,&quot;autoplay&quot;:&quot;yes&quot;,&quot;pause_on_hover&quot;:&quot;yes&quot;,&quot;pause_on_interaction&quot;:&quot;yes&quot;,&quot;autoplay_speed&quot;:5000,&quot;infinite&quot;:&quot;yes&quot;,&quot;effect&quot;:&quot;slide&quot;,&quot;speed&quot;:500}\" data-widget_type=\"image-carousel.default\">\n\t\t\t\t\t\t\t<div class=\"elementor-image-carousel-wrapper swiper\" role=\"region\" aria-roledescription=\"carousel\" aria-label=\"Carosello d&#039;immagini\" dir=\"ltr\">\n\t\t\t<div class=\"elementor-image-carousel swiper-wrapper\" aria-live=\"off\">\n\t\t\t\t\t\t\t\t<div class=\"swiper-slide\" role=\"group\" aria-roledescription=\"slide\" aria-label=\"1 di 1\"><a data-elementor-open-lightbox=\"yes\" data-elementor-lightbox-slideshow=\"2289cdfa\" data-e-action-hash=\"#elementor-action%3Aaction%3Dlightbox%26settings%3DeyJpZCI6MjIyODIsInVybCI6ZmFsc2UsInNsaWRlc2hvdyI6IjIyODljZGZhIn0%3D\" href=\"https:\/\/contidisanbonifacio.com\/wp-content\/uploads\/menu-capodanno-2024.pdf\"><figure class=\"swiper-slide-inner\"><img data-recalc-dims=\"1\" decoding=\"async\" class=\"swiper-slide-image\" src=\"https:\/\/i0.wp.com\/contidisanbonifacio.com\/wp-content\/uploads\/menu-capodanno-2.webp?w=980&#038;ssl=1\" alt=\"\" \/><\/figure><\/a><\/div>\t\t\t<\/div>\n\t\t\t\t\t<\/div>\n\t\t\t\t\t\t<\/div>\n\t\t\t\t\t<\/div>\n\t\t<\/div>\n\t\t\t\t\t<\/div>\n\t\t<\/section>\n\t\t\t\t<\/div>\n\t\t","protected":false},"excerpt":{"rendered":"<p>WINE DINNERS AL MAREMMANA RESTAURANT Scoprite tutte le nostre serate speciali e i men\u00f9 ideati dai nostri Chef per le festivit\u00e0 natalizie. SERATA A TEMA CACCIAGIONE Immergetevi nei sapori intensi della stagione con la nostra serata a tema Cacciagione, in programma per venerd\u00ec 6 dicembre dalle ore 19:00. Il nostro Chef ha creato un men\u00f9 [&hellip;]<\/p>\n","protected":false},"author":3,"featured_media":16506,"parent":4978,"menu_order":0,"comment_status":"closed","ping_status":"closed","template":"elementor_header_footer","meta":{"footnotes":""},"class_list":["post-21766","page","type-page","status-publish","has-post-thumbnail","hentry"],"jetpack_sharing_enabled":true,"_links":{"self":[{"href":"https:\/\/contidisanbonifacio.com\/it\/wp-json\/wp\/v2\/pages\/21766","targetHints":{"allow":["GET"]}}],"collection":[{"href":"https:\/\/contidisanbonifacio.com\/it\/wp-json\/wp\/v2\/pages"}],"about":[{"href":"https:\/\/contidisanbonifacio.com\/it\/wp-json\/wp\/v2\/types\/page"}],"author":[{"embeddable":true,"href":"https:\/\/contidisanbonifacio.com\/it\/wp-json\/wp\/v2\/users\/3"}],"replies":[{"embeddable":true,"href":"https:\/\/contidisanbonifacio.com\/it\/wp-json\/wp\/v2\/comments?post=21766"}],"version-history":[{"count":0,"href":"https:\/\/contidisanbonifacio.com\/it\/wp-json\/wp\/v2\/pages\/21766\/revisions"}],"up":[{"embeddable":true,"href":"https:\/\/contidisanbonifacio.com\/it\/wp-json\/wp\/v2\/pages\/4978"}],"wp:featuredmedia":[{"embeddable":true,"href":"https:\/\/contidisanbonifacio.com\/it\/wp-json\/wp\/v2\/media\/16506"}],"wp:attachment":[{"href":"https:\/\/contidisanbonifacio.com\/it\/wp-json\/wp\/v2\/media?parent=21766"}],"curies":[{"name":"wp","href":"https:\/\/api.w.org\/{rel}","templated":true}]}}