{"id":14346,"date":"2022-11-23T08:35:08","date_gmt":"2022-11-23T08:35:08","guid":{"rendered":"https:\/\/contidisanbonifacio.com\/?post_type=product&#038;p=14346"},"modified":"2023-03-08T16:57:05","modified_gmt":"2023-03-08T16:57:05","slug":"docet-igt-toscana-2015","status":"publish","type":"product","link":"https:\/\/contidisanbonifacio.com\/it\/prodotto\/docet-igt-toscana-2015\/","title":{"rendered":"Docet IGT <br> Toscana 2015"},"content":{"rendered":"\t\t<div data-elementor-type=\"product-post\" data-elementor-id=\"14346\" class=\"elementor elementor-14346 elementor-14345\" data-elementor-post-type=\"product\">\n\t\t\t\t\t\t<section data-particle_enable=\"false\" data-particle-mobile-disabled=\"false\" class=\"elementor-section elementor-top-section elementor-element elementor-element-32979d5a elementor-section-boxed elementor-section-height-default elementor-section-height-default\" data-id=\"32979d5a\" data-element_type=\"section\" data-e-type=\"section\">\n\t\t\t\t\t\t<div class=\"elementor-container elementor-column-gap-default\">\n\t\t\t\t\t<div class=\"elementor-column elementor-col-100 elementor-top-column elementor-element elementor-element-cb3a788\" data-id=\"cb3a788\" data-element_type=\"column\" data-e-type=\"column\">\n\t\t\t<div class=\"elementor-widget-wrap elementor-element-populated\">\n\t\t\t\t\t\t<div class=\"elementor-element elementor-element-3a252827 elementor-widget elementor-widget-text-editor\" data-id=\"3a252827\" data-element_type=\"widget\" data-e-type=\"widget\" data-widget_type=\"text-editor.default\">\n\t\t\t\t\t\t\t\t\t<p>Docet \u00e8 un blend di Cabernet Franc e Cabernet Sauvignon; i Supertuscan pi\u00f9 apprezzati della Cantina. Pieno di frutta e sentori di grafite, equilibra corpo, acidit\u00e0 e tannini maturi per dare un naso e un finale potenti.<\/p><p>VITIGNO:<\/p><p>50% Cabernet Franc, 50% Cabernet Sauvignon<\/p><p>FERMENTAZIONE:<\/p><p>In tini di acciaio inox con controllo della temperatura tra 28\u00b0 e 30\u00b0C per 21 giorni.<\/p><p>INVECCHIAMENTO:<\/p><p>50% nuove e 50% in botti di rovere francese del secondo anno.<\/p><p>NOTE DI DEGUSTAZIONE:<\/p><p>Frutta rossa e nera con note di vaniglia, pepe nero e grafite compongono un bouquet incredibilmente complesso. Questo vino seducente \u00e8 di grande finezza e persistenza, bilanciato dalla vivace acidit\u00e0 insita nei vini della Maremma Toscana. Un corpo voluttuoso con un finale lungo e tannini maturi.<\/p><p>ABBINAMENTI GASTRONOMICI CONSIGLIATI:<\/p><p>Una bottiglia di vino davvero impressionante per la tua cena o da gustare con gli amici. Questo vino si presta ai classici piatti italiani di ossobucco, una bistecca alla fiorentina alla griglia o del cinghiale toscano. Si abbina bene anche a piatti veneziani come il baccal\u00e0 o il baccal\u00e0, o la vasta gamma di piatti di pesce e polpo serviti in tutto il Veneto. I suoi elementi terrosi durevoli e la sua mineralit\u00e0 lavorano di pari passo con i funghi porcini cotti nei risotti o uno qualsiasi dei funghi stagionali che puoi trovare. Ci siamo divertiti a mettere in risalto le sfumature di cioccolato vellutato in questo vino aprendo una bottiglia con budino o semplicemente con cioccolato.<\/p><div class=\"wp-block-coblocks-row coblocks-row-419134114217\" data-columns=\"2\" data-layout=\"75-25\"><div class=\"wp-block-coblocks-row__inner has-medium-gutter has-no-padding has-no-margin is-stacked-on-mobile\"><div class=\"wp-block-coblocks-column coblocks-column-419134120977\"><div class=\"wp-block-coblocks-column__inner has-no-padding has-no-margin\">\u00a0<\/div><\/div><\/div><\/div>\t\t\t\t\t\t\t\t<\/div>\n\t\t\t\t<div class=\"elementor-element elementor-element-f218f5c elementor-align-left elementor-absolute elementor-widget elementor-widget-button\" data-id=\"f218f5c\" data-element_type=\"widget\" data-e-type=\"widget\" data-settings=\"{&quot;_position&quot;:&quot;absolute&quot;}\" data-widget_type=\"button.default\">\n\t\t\t\t\t\t\t\t\t\t<a class=\"elementor-button elementor-button-link elementor-size-sm elementor-animation-hang\" href=\"\/wp-content\/uploads\/Docet-2013-EN.pdf\">\n\t\t\t\t\t\t<span class=\"elementor-button-content-wrapper\">\n\t\t\t\t\t\t<span class=\"elementor-button-icon\">\n\t\t\t\t<svg aria-hidden=\"true\" class=\"e-font-icon-svg e-fas-file-download\" viewBox=\"0 0 384 512\" xmlns=\"http:\/\/www.w3.org\/2000\/svg\"><path d=\"M224 136V0H24C10.7 0 0 10.7 0 24v464c0 13.3 10.7 24 24 24h336c13.3 0 24-10.7 24-24V160H248c-13.2 0-24-10.8-24-24zm76.45 211.36l-96.42 95.7c-6.65 6.61-17.39 6.61-24.04 0l-96.42-95.7C73.42 337.29 80.54 320 94.82 320H160v-80c0-8.84 7.16-16 16-16h32c8.84 0 16 7.16 16 16v80h65.18c14.28 0 21.4 17.29 11.27 27.36zM377 105L279.1 7c-4.5-4.5-10.6-7-17-7H256v128h128v-6.1c0-6.3-2.5-12.4-7-16.9z\"><\/path><\/svg>\t\t\t<\/span>\n\t\t\t\t\t\t\t\t\t<span class=\"elementor-button-text\">Download wine card<\/span>\n\t\t\t\t\t<\/span>\n\t\t\t\t\t<\/a>\n\t\t\t\t\t\t\t\t<\/div>\n\t\t\t\t\t<\/div>\n\t\t<\/div>\n\t\t\t\t\t<\/div>\n\t\t<\/section>\n\t\t\t\t<\/div>\n\t\t","protected":false},"excerpt":{"rendered":"<p>Docet IGT Toscana 2015<\/p>\n","protected":false},"featured_media":14241,"comment_status":"open","ping_status":"closed","template":"","meta":[],"product_brand":[],"product_cat":[131,130,154,155],"product_tag":[160],"class_list":{"0":"post-14346","1":"product","2":"type-product","3":"status-publish","4":"has-post-thumbnail","6":"product_cat-cabernets-it","7":"product_cat-varieta","8":"product_cat-vini-it","9":"product_cat-vini-rossi-it","10":"product_tag-italian-red-wine-it","11":"pa_region-toscana","12":"pa_varietals-cabernet-franc-it","13":"pa_varietals-cabernet-sauvignon-it","14":"pa_wine-type-vino-rosso","16":"first","17":"instock","18":"shipping-taxable","19":"purchasable","20":"product-type-simple"},"jetpack_sharing_enabled":true,"_links":{"self":[{"href":"https:\/\/contidisanbonifacio.com\/it\/wp-json\/wp\/v2\/product\/14346","targetHints":{"allow":["GET"]}}],"collection":[{"href":"https:\/\/contidisanbonifacio.com\/it\/wp-json\/wp\/v2\/product"}],"about":[{"href":"https:\/\/contidisanbonifacio.com\/it\/wp-json\/wp\/v2\/types\/product"}],"replies":[{"embeddable":true,"href":"https:\/\/contidisanbonifacio.com\/it\/wp-json\/wp\/v2\/comments?post=14346"}],"version-history":[{"count":0,"href":"https:\/\/contidisanbonifacio.com\/it\/wp-json\/wp\/v2\/product\/14346\/revisions"}],"wp:featuredmedia":[{"embeddable":true,"href":"https:\/\/contidisanbonifacio.com\/it\/wp-json\/wp\/v2\/media\/14241"}],"wp:attachment":[{"href":"https:\/\/contidisanbonifacio.com\/it\/wp-json\/wp\/v2\/media?parent=14346"}],"wp:term":[{"taxonomy":"product_brand","embeddable":true,"href":"https:\/\/contidisanbonifacio.com\/it\/wp-json\/wp\/v2\/product_brand?post=14346"},{"taxonomy":"product_cat","embeddable":true,"href":"https:\/\/contidisanbonifacio.com\/it\/wp-json\/wp\/v2\/product_cat?post=14346"},{"taxonomy":"product_tag","embeddable":true,"href":"https:\/\/contidisanbonifacio.com\/it\/wp-json\/wp\/v2\/product_tag?post=14346"}],"curies":[{"name":"wp","href":"https:\/\/api.w.org\/{rel}","templated":true}]}}