{"id":15062,"date":"2022-10-14T13:35:58","date_gmt":"2022-10-14T13:35:58","guid":{"rendered":"https:\/\/contidisanbonifacio.com\/product\/cdsb-taste-of-italy-ii\/"},"modified":"2023-11-21T10:28:35","modified_gmt":"2023-11-21T10:28:35","slug":"cdsb-taste-of-italy-ii-2","status":"publish","type":"product","link":"https:\/\/contidisanbonifacio.com\/it\/prodotto\/cdsb-taste-of-italy-ii-2\/","title":{"rendered":"CDSB Taste of Italy II"},"content":{"rendered":"<p>Taste of Italy II \u00e8 uno dei nostri pacchetti regalo per amanti della tradizione culinaria italiana. Taste of Italy II \u00e8 il nostro cesto regalo con prodotti tipici locali, con tutto il necessario per preparare un pranzo o cena e provare un tipico piatto italiano. Prova gli &#8216;Strigoli&#8217; artigianali prodotti da Granai di Toscana con il nostro rag\u00f9 toscano tradizionale e i carciofi sott&#8217;olio. Infine, per un tocco finale, usa il nostro olio extravergine d&#8217;oliva per mantecare la pasta e godi il tuo pasto con un calice di Sangiovese DOC. Se stai cercando un <span class=\"___SText_1hgw7-kwm_\" data-ui-name=\"Link.Text\">cesto regalo con prodotti artigianali locali<\/span>, la linea regalo Taste of Italy \u00e8 stata creata ad hoc per offire confezioni esclusive ed originali con prodotti a produzione limitata.<\/p>\n<p>CDSB Taste of Italy II<\/p>\n<ul>\n<li><a href=\"\/product\/sangiovese-igt-toscana\/\">Sangiovese DOC Maremma 2021<\/a><\/li>\n<li>Olio d&#8217;oliva extra vergine bio<\/li>\n<li><a href=\"\/product\/ragu-alla-maremmana\/\">Rag\u00f9 alla Maremmana<\/a><\/li>\n<li>Carciofi sott&#8217;olio<\/li>\n<li>Strigoli artigianali<\/li>\n<\/ul>\n<p>La nostra gamma completa di prodotti alimentari, bevande e cesti per le feste \u00e8 disponibile online! Ricevi i tuoi ordini direttamente a casa tua e goditi la tranquillit\u00e0 sapendo che avrai tutto ci\u00f2 di cui hai bisogno per una stagione festiva memorabile.<\/p>\n<ul>\n<li>Consulenza Speciale<\/li>\n<li>Ordini Online<\/li>\n<li>Confezione regalo esclusiva<\/li>\n<li>Biglietto di auguri personalizzato<\/li>\n<li>Spedizioni Internazionali<\/li>\n<\/ul>\n","protected":false},"excerpt":{"rendered":"<p>Taste of Italy II \u00e8 uno dei nostri pacchetti regalo per amanti della tradizione culinaria italiana. Taste of Italy II \u00e8 il nostro cesto regalo con prodotti tipici locali, con tutto il necessario per preparare un pranzo o cena e provare un tipico piatto italiano. Prova gli &#8216;Strigoli&#8217; artigianali prodotti da Granai di Toscana con [&hellip;]<\/p>\n","protected":false},"featured_media":20166,"comment_status":"closed","ping_status":"closed","template":"","meta":[],"product_brand":[],"product_cat":[147,277,275,276,274],"product_tag":[316],"class_list":{"0":"post-15062","1":"product","2":"type-product","3":"status-publish","4":"has-post-thumbnail","6":"product_cat-regali-it","7":"product_cat-regali-anniversario","8":"product_cat-regali-aziendali","9":"product_cat-regali-compleanno","10":"product_cat-regali-di-natale","11":"product_tag-regali","12":"pa_gifts-regali-compleanno","13":"pa_gifts-regali-anniversario","15":"first","16":"instock","17":"shipping-taxable","18":"purchasable","19":"product-type-simple"},"jetpack_sharing_enabled":true,"_links":{"self":[{"href":"https:\/\/contidisanbonifacio.com\/it\/wp-json\/wp\/v2\/product\/15062","targetHints":{"allow":["GET"]}}],"collection":[{"href":"https:\/\/contidisanbonifacio.com\/it\/wp-json\/wp\/v2\/product"}],"about":[{"href":"https:\/\/contidisanbonifacio.com\/it\/wp-json\/wp\/v2\/types\/product"}],"replies":[{"embeddable":true,"href":"https:\/\/contidisanbonifacio.com\/it\/wp-json\/wp\/v2\/comments?post=15062"}],"version-history":[{"count":0,"href":"https:\/\/contidisanbonifacio.com\/it\/wp-json\/wp\/v2\/product\/15062\/revisions"}],"wp:featuredmedia":[{"embeddable":true,"href":"https:\/\/contidisanbonifacio.com\/it\/wp-json\/wp\/v2\/media\/20166"}],"wp:attachment":[{"href":"https:\/\/contidisanbonifacio.com\/it\/wp-json\/wp\/v2\/media?parent=15062"}],"wp:term":[{"taxonomy":"product_brand","embeddable":true,"href":"https:\/\/contidisanbonifacio.com\/it\/wp-json\/wp\/v2\/product_brand?post=15062"},{"taxonomy":"product_cat","embeddable":true,"href":"https:\/\/contidisanbonifacio.com\/it\/wp-json\/wp\/v2\/product_cat?post=15062"},{"taxonomy":"product_tag","embeddable":true,"href":"https:\/\/contidisanbonifacio.com\/it\/wp-json\/wp\/v2\/product_tag?post=15062"}],"curies":[{"name":"wp","href":"https:\/\/api.w.org\/{rel}","templated":true}]}}