{"id":6424,"date":"2021-05-17T14:01:55","date_gmt":"2021-05-17T14:01:55","guid":{"rendered":"https:\/\/contidisanbonifacio.com\/product\/docet-igt-toscana-2015-magnum\/"},"modified":"2022-06-14T23:01:55","modified_gmt":"2022-06-14T23:01:55","slug":"docet-igt-toscana-2014-magnum-2","status":"publish","type":"product","link":"https:\/\/contidisanbonifacio.com\/it\/prodotto\/docet-igt-toscana-2014-magnum-2\/","title":{"rendered":"Docet IGT <br> Toscana 2015 Magnum"},"content":{"rendered":"<p>Docet \u00e8 una delle Cantine Supertuscan pi\u00f9 apprezzate. Pieno di frutta e sentori di grafite, equilibra corpo, acidit\u00e0 e tannini maturi per dare un naso e un finale potenti.<\/p>\n<p>VITIGNO:<\/p>\n<p>50% Cabernet Franc, 50% Cabernet Sauvignon<\/p>\n<p>FERMENTAZIONE:<\/p>\n<p>In tini di acciaio inox con controllo della temperatura tra 28\u00b0 e 30\u00b0C per 21 giorni.<\/p>\n<p>INVECCHIAMENTO:<\/p>\n<p>50% nuove e 50% in botti di rovere francese del secondo anno.<\/p>\n<p>NOTE DI DEGUSTAZIONE:<\/p>\n<p>Frutta rossa e nera con note di vaniglia, pepe nero e grafite compongono un bouquet incredibilmente complesso. Questo vino seducente \u00e8 di grande finezza e persistenza, bilanciato dalla vivace acidit\u00e0 insita nei vini della Maremma Toscana. Un corpo voluttuoso con un finale lungo e tannini maturi.<\/p>\n<p>ABBINAMENTI GASTRONOMICI CONSIGLIATI:<\/p>\n<p>Una bottiglia di vino davvero impressionante per la tua cena o da gustare con gli amici. Questo vino si presta ai classici piatti italiani di ossobucco, una bistecca alla fiorentina alla griglia o del cinghiale toscano. Si abbina bene anche a piatti veneziani come il baccal\u00e0 o il baccal\u00e0, o la vasta gamma di piatti di pesce e polpo serviti in tutto il Veneto. I suoi elementi terrosi durevoli e la sua mineralit\u00e0 lavorano di pari passo con i funghi porcini cotti nei risotti o uno qualsiasi dei funghi stagionali che puoi trovare. Ci siamo divertiti a mettere in risalto le sfumature di cioccolato vellutato in questo vino aprendo una bottiglia con budino o semplicemente con cioccolato.<\/p>\n","protected":false},"excerpt":{"rendered":"<p>Docet IGT Toscana 2015 Magnum<br \/>\nCassetta in legno inclusa nel prezzo<\/p>\n","protected":false},"featured_media":14181,"comment_status":"open","ping_status":"closed","template":"","meta":[],"product_brand":[],"product_cat":[131,130,154,155],"product_tag":[270,302,269,268],"class_list":{"0":"post-6424","1":"product","2":"type-product","3":"status-publish","4":"has-post-thumbnail","6":"product_cat-cabernets-it","7":"product_cat-varieta","8":"product_cat-vini-it","9":"product_cat-vini-rossi-it","10":"product_tag-cabernet-it","11":"product_tag-rosso","12":"product_tag-toscana","13":"product_tag-vino-italiano","14":"pa_region-toscana","15":"pa_varietals-cabernet-franc-it","16":"pa_varietals-cabernet-sauvignon-it","17":"pa_wine-type-vino-rosso","19":"first","20":"instock","21":"sale","22":"shipping-taxable","23":"purchasable","24":"product-type-simple"},"jetpack_sharing_enabled":true,"_links":{"self":[{"href":"https:\/\/contidisanbonifacio.com\/it\/wp-json\/wp\/v2\/product\/6424","targetHints":{"allow":["GET"]}}],"collection":[{"href":"https:\/\/contidisanbonifacio.com\/it\/wp-json\/wp\/v2\/product"}],"about":[{"href":"https:\/\/contidisanbonifacio.com\/it\/wp-json\/wp\/v2\/types\/product"}],"replies":[{"embeddable":true,"href":"https:\/\/contidisanbonifacio.com\/it\/wp-json\/wp\/v2\/comments?post=6424"}],"version-history":[{"count":0,"href":"https:\/\/contidisanbonifacio.com\/it\/wp-json\/wp\/v2\/product\/6424\/revisions"}],"wp:featuredmedia":[{"embeddable":true,"href":"https:\/\/contidisanbonifacio.com\/it\/wp-json\/wp\/v2\/media\/14181"}],"wp:attachment":[{"href":"https:\/\/contidisanbonifacio.com\/it\/wp-json\/wp\/v2\/media?parent=6424"}],"wp:term":[{"taxonomy":"product_brand","embeddable":true,"href":"https:\/\/contidisanbonifacio.com\/it\/wp-json\/wp\/v2\/product_brand?post=6424"},{"taxonomy":"product_cat","embeddable":true,"href":"https:\/\/contidisanbonifacio.com\/it\/wp-json\/wp\/v2\/product_cat?post=6424"},{"taxonomy":"product_tag","embeddable":true,"href":"https:\/\/contidisanbonifacio.com\/it\/wp-json\/wp\/v2\/product_tag?post=6424"}],"curies":[{"name":"wp","href":"https:\/\/api.w.org\/{rel}","templated":true}]}}