{"id":6454,"date":"2020-02-19T11:35:14","date_gmt":"2020-02-19T11:35:14","guid":{"rendered":"https:\/\/contidisanbonifacio.com\/product\/cdsb-stopper\/"},"modified":"2025-02-06T16:14:08","modified_gmt":"2025-02-06T16:14:08","slug":"cdsb-stopper-2","status":"publish","type":"product","link":"https:\/\/contidisanbonifacio.com\/it\/prodotto\/cdsb-stopper-2\/","title":{"rendered":"Tappo CDSB"},"content":{"rendered":"<p>Il nostro tappo da Prosecco assicura una chiusura ermetica delle nostre bottiglie di Prosecco, facendo s\u00ec che il vino frizzante rimasto nella bottiglia durer\u00e0 pi\u00f9 a lungo!<\/p>\n<p>Questo fantastico tappo da Prosecco \u00e8 anche un&#8217;idea per un regalo unico per ogni amante del Prosecco.<\/p>\n","protected":false},"excerpt":{"rendered":"<p>Tappo per bottiglia CDSB<\/p>\n","protected":false},"featured_media":14236,"comment_status":"open","ping_status":"closed","template":"","meta":[],"product_brand":[],"product_cat":[284,271,389],"product_tag":[],"class_list":{"0":"post-6454","1":"product","2":"type-product","3":"status-publish","4":"has-post-thumbnail","6":"product_cat-accessori-vino","7":"product_cat-prodotti-per-la-casa","8":"product_cat-tappo-vino","10":"first","11":"instock","12":"shipping-taxable","13":"purchasable","14":"product-type-simple"},"jetpack_sharing_enabled":true,"_links":{"self":[{"href":"https:\/\/contidisanbonifacio.com\/it\/wp-json\/wp\/v2\/product\/6454","targetHints":{"allow":["GET"]}}],"collection":[{"href":"https:\/\/contidisanbonifacio.com\/it\/wp-json\/wp\/v2\/product"}],"about":[{"href":"https:\/\/contidisanbonifacio.com\/it\/wp-json\/wp\/v2\/types\/product"}],"replies":[{"embeddable":true,"href":"https:\/\/contidisanbonifacio.com\/it\/wp-json\/wp\/v2\/comments?post=6454"}],"version-history":[{"count":0,"href":"https:\/\/contidisanbonifacio.com\/it\/wp-json\/wp\/v2\/product\/6454\/revisions"}],"wp:featuredmedia":[{"embeddable":true,"href":"https:\/\/contidisanbonifacio.com\/it\/wp-json\/wp\/v2\/media\/14236"}],"wp:attachment":[{"href":"https:\/\/contidisanbonifacio.com\/it\/wp-json\/wp\/v2\/media?parent=6454"}],"wp:term":[{"taxonomy":"product_brand","embeddable":true,"href":"https:\/\/contidisanbonifacio.com\/it\/wp-json\/wp\/v2\/product_brand?post=6454"},{"taxonomy":"product_cat","embeddable":true,"href":"https:\/\/contidisanbonifacio.com\/it\/wp-json\/wp\/v2\/product_cat?post=6454"},{"taxonomy":"product_tag","embeddable":true,"href":"https:\/\/contidisanbonifacio.com\/it\/wp-json\/wp\/v2\/product_tag?post=6454"}],"curies":[{"name":"wp","href":"https:\/\/api.w.org\/{rel}","templated":true}]}}