{"id":6463,"date":"2020-02-04T14:36:47","date_gmt":"2020-02-04T14:36:47","guid":{"rendered":"https:\/\/contidisanbonifacio.com\/product\/cdsb-glasses\/"},"modified":"2023-01-03T10:37:57","modified_gmt":"2023-01-03T10:37:57","slug":"cdsb-glasses-2","status":"publish","type":"product","link":"https:\/\/contidisanbonifacio.com\/it\/prodotto\/cdsb-glasses-2\/","title":{"rendered":"Calici CDSB"},"content":{"rendered":"<p>Appositamente progettati per completare set di stoviglie raffinati. Il loro sottile spessore \u00e8 altamente resistente agli urti grazie all&#8217;elevata densit\u00e0 del cristallo. Il disegno del bicchiere indica la giusta quantit\u00e0 di vino da versare nell&#8217;angolo di massima curvatura, mentre la parte conica inferiore permette di apprezzare il colore del vino e tutte le sue gradazioni.<\/p>\n","protected":false},"excerpt":{"rendered":"<p>Bicchiere di vino<\/p>\n","protected":false},"featured_media":14219,"comment_status":"open","ping_status":"closed","template":"","meta":[],"product_brand":[],"product_cat":[284,300],"product_tag":[],"class_list":{"0":"post-6463","1":"product","2":"type-product","3":"status-publish","4":"has-post-thumbnail","6":"product_cat-accessori-vino","7":"product_cat-bicchieri","9":"first","10":"instock","11":"shipping-taxable","12":"purchasable","13":"product-type-simple"},"jetpack_sharing_enabled":true,"_links":{"self":[{"href":"https:\/\/contidisanbonifacio.com\/it\/wp-json\/wp\/v2\/product\/6463","targetHints":{"allow":["GET"]}}],"collection":[{"href":"https:\/\/contidisanbonifacio.com\/it\/wp-json\/wp\/v2\/product"}],"about":[{"href":"https:\/\/contidisanbonifacio.com\/it\/wp-json\/wp\/v2\/types\/product"}],"replies":[{"embeddable":true,"href":"https:\/\/contidisanbonifacio.com\/it\/wp-json\/wp\/v2\/comments?post=6463"}],"version-history":[{"count":0,"href":"https:\/\/contidisanbonifacio.com\/it\/wp-json\/wp\/v2\/product\/6463\/revisions"}],"wp:featuredmedia":[{"embeddable":true,"href":"https:\/\/contidisanbonifacio.com\/it\/wp-json\/wp\/v2\/media\/14219"}],"wp:attachment":[{"href":"https:\/\/contidisanbonifacio.com\/it\/wp-json\/wp\/v2\/media?parent=6463"}],"wp:term":[{"taxonomy":"product_brand","embeddable":true,"href":"https:\/\/contidisanbonifacio.com\/it\/wp-json\/wp\/v2\/product_brand?post=6463"},{"taxonomy":"product_cat","embeddable":true,"href":"https:\/\/contidisanbonifacio.com\/it\/wp-json\/wp\/v2\/product_cat?post=6463"},{"taxonomy":"product_tag","embeddable":true,"href":"https:\/\/contidisanbonifacio.com\/it\/wp-json\/wp\/v2\/product_tag?post=6463"}],"curies":[{"name":"wp","href":"https:\/\/api.w.org\/{rel}","templated":true}]}}