{"id":6482,"date":"2020-02-04T13:57:53","date_gmt":"2020-02-04T13:57:53","guid":{"rendered":"https:\/\/contidisanbonifacio.com\/product\/prosecco-treviso-doc-extra-dry\/"},"modified":"2022-06-15T00:22:10","modified_gmt":"2022-06-15T00:22:10","slug":"prosecco-doc-2","status":"publish","type":"product","link":"https:\/\/contidisanbonifacio.com\/it\/prodotto\/prosecco-doc-2\/","title":{"rendered":"Prosecco Treviso DOC Extra Dry"},"content":{"rendered":"<p>Uno spumante vivace con un&#8217;effervescenza persistente, ma non invadente. Le bolle sono piccole e meravigliosamente disciplinate.<\/p>\n<p>VITIGNO:<\/p>\n<p>100% Glera<\/p>\n<p>FERMENTAZIONE:<\/p>\n<p>A temperatura controllata di 20\u00b0C, la presa di spuma avviene a bassa temperatura in vasche di acciaio.<\/p>\n<p>NOTE DI DEGUSTAZIONE:<\/p>\n<p>Profumi di mela, frutta bianca fresca e note di lievito fuoriescono dal bicchiere senza creare eccessiva complessit\u00e0. Un vino, divertente e giovane nello spirito, perfetto per un formale pranzo di lavoro o per un aperitivo anticipato a bordo piscina.<\/p>\n<p>ABBINAMENTI GASTRONOMICI CONSIGLIATI:<\/p>\n<p>Il Prosecco \u00e8 noto per essere un partner d&#8217;elezione per il tuo aperitivo. Equilibra cibi salati o stagionati conferendo all&#8217;impasto i suoi toni fruttati e agrumati. Tuttavia, il Prosecco Conti di San Bonifacio pu\u00f2 lavorare un po&#8217; di pi\u00f9 accompagnando piatti di pesce e frutti di mare cos\u00ec come piatti ricchi con burro, panna o salse di nocciole.<\/p>\n<p>Fatevi guidare dai piatti preparati localmente a Valdobbiadene con funghi di bosco, castagne, polenta, coniglio e oca. E per una prospettiva pi\u00f9 internazionale, lo stiamo vedendo abbinarsi magnificamente con il cibo asiatico, dove il vino taglia elegantemente i piatti dolci e salati o leggermente pastellati.<\/p>\n","protected":false},"excerpt":{"rendered":"<p>Prosecco Treviso DOC Extra Dry<\/p>\n","protected":false},"featured_media":14235,"comment_status":"open","ping_status":"closed","template":"","meta":[],"product_brand":[],"product_cat":[119,132,130,154],"product_tag":[],"class_list":{"0":"post-6482","1":"product","2":"type-product","3":"status-publish","4":"has-post-thumbnail","6":"product_cat-bollicine-it","7":"product_cat-glera-it","8":"product_cat-varieta","9":"product_cat-vini-it","10":"pa_region-veneto-it","11":"pa_varietals-glera-it","12":"pa_wine-type-bollicine","14":"first","15":"instock","16":"shipping-taxable","17":"purchasable","18":"product-type-simple"},"jetpack_sharing_enabled":true,"_links":{"self":[{"href":"https:\/\/contidisanbonifacio.com\/it\/wp-json\/wp\/v2\/product\/6482","targetHints":{"allow":["GET"]}}],"collection":[{"href":"https:\/\/contidisanbonifacio.com\/it\/wp-json\/wp\/v2\/product"}],"about":[{"href":"https:\/\/contidisanbonifacio.com\/it\/wp-json\/wp\/v2\/types\/product"}],"replies":[{"embeddable":true,"href":"https:\/\/contidisanbonifacio.com\/it\/wp-json\/wp\/v2\/comments?post=6482"}],"version-history":[{"count":0,"href":"https:\/\/contidisanbonifacio.com\/it\/wp-json\/wp\/v2\/product\/6482\/revisions"}],"wp:featuredmedia":[{"embeddable":true,"href":"https:\/\/contidisanbonifacio.com\/it\/wp-json\/wp\/v2\/media\/14235"}],"wp:attachment":[{"href":"https:\/\/contidisanbonifacio.com\/it\/wp-json\/wp\/v2\/media?parent=6482"}],"wp:term":[{"taxonomy":"product_brand","embeddable":true,"href":"https:\/\/contidisanbonifacio.com\/it\/wp-json\/wp\/v2\/product_brand?post=6482"},{"taxonomy":"product_cat","embeddable":true,"href":"https:\/\/contidisanbonifacio.com\/it\/wp-json\/wp\/v2\/product_cat?post=6482"},{"taxonomy":"product_tag","embeddable":true,"href":"https:\/\/contidisanbonifacio.com\/it\/wp-json\/wp\/v2\/product_tag?post=6482"}],"curies":[{"name":"wp","href":"https:\/\/api.w.org\/{rel}","templated":true}]}}